{"id":133,"date":"2016-01-08T13:02:48","date_gmt":"2016-01-08T12:02:48","guid":{"rendered":"http:\/\/eine-welt-erleben.de\/?page_id=133"},"modified":"2023-02-24T11:06:01","modified_gmt":"2023-02-24T10:06:01","slug":"eine-welt-engagement","status":"publish","type":"page","link":"https:\/\/eine-welt-erleben.de\/index.php\/eine-welt-engagement\/","title":{"rendered":"eine-welt-engagement"},"content":{"rendered":"<p><b>Der Verein:<\/b><\/p>\n<ul>\n<li>Gegr\u00fcndet 1995 an einer D\u00fcrener Gesamtschule, seit 2004&nbsp;&nbsp;schulunabh\u00e4ngig (der \u201ekleine ewe\u201c an der Anne-Frank-Schule existiert weiter als Partner)<\/li>\n<li>Ca. 100 Mitglieder<\/li>\n<li>Im Vorstand und in den Arbeitskreisen aktiv sind 10 Personen, alle ehrenamtlich<\/li>\n<li>62 deutsche und 26 sambische Freiwillige bilden ein Netzwerk<\/li>\n<li><i>ewe<\/i><i>-aktuell<\/i> und <i>www.eine-welt-engagement.de<\/i> informieren regelm\u00e4\u00dfig mehr als 500 Menschen in aller Welt \u00fcber die Ziele und die Arbeit des Vereins<\/li>\n<li>Die Projekte, die ewe unterst\u00fctzt, kommen auf Initiative der communities und parishes in der Di\u00f6zese Monze zustande. Sie sollen nachhaltig sein, Existenz, Zukunft und Lebensqualit\u00e4t der Menschen sichern.<\/li>\n<li>Die Realisierung der beantragten Projekte erfolgt in Kooperation mit kirchlichen Partnern aus dem Raum Aachen (FairHandeln e.v., PRO e.V. Eschweiler, ewe an der AFG, Aktion Schulfee-Zambia)<\/li>\n<li><i>ewe<\/i> finanziert sich ausschlie\u00dflich aus Mitgliederbeitr\u00e4gen und Spenden<\/li>\n<li><i>eine-<\/i><i>welt<\/i><i>&#8211;<\/i><i>engagement<\/i> <i>e.v<\/i><i>. <\/i>versteht sich durch die Gr\u00fcndungsmitglieder der kirchlichen Entwicklungsarbeit verpflichtet, ist aber keine kirchliche Organisation und weitestgehend unabh\u00e4ngig, auch von politischen Parteien<\/li>\n<\/ul>\n<p>Die Satzung des ewe zum PDF-Download <a href=\"https:\/\/eine-welt-erleben.de\/wp-content\/uploads\/2022\/07\/Satzung2022-1.pdf\">Satzung 2022<\/a><\/p>","protected":false},"excerpt":{"rendered":"<p>Der Verein: Gegr\u00fcndet 1995 an einer D\u00fcrener Gesamtschule, seit 2004&nbsp;&nbsp;schulunabh\u00e4ngig (der \u201ekleine ewe\u201c an der Anne-Frank-Schule existiert weiter als Partner) Ca. 100 Mitglieder Im Vorstand und in den Arbeitskreisen aktiv sind 10 Personen, alle ehrenamtlich 62 deutsche und 26 sambische Freiwillige bilden ein Netzwerk ewe-aktuell und www.eine-welt-engagement.de informieren regelm\u00e4\u00dfig mehr als 500 Menschen in aller &hellip; <\/p>\n<p><a class=\"more-link btn\" href=\"https:\/\/eine-welt-erleben.de\/index.php\/eine-welt-engagement\/\">Weiterlesen<\/a><\/p>\n","protected":false},"author":2,"featured_media":138,"parent":0,"menu_order":0,"comment_status":"closed","ping_status":"closed","template":"","meta":{"footnotes":""},"class_list":["post-133","page","type-page","status-publish","has-post-thumbnail","hentry","nodate","item-wrap"],"_links":{"self":[{"href":"https:\/\/eine-welt-erleben.de\/index.php\/wp-json\/wp\/v2\/pages\/133","targetHints":{"allow":["GET"]}}],"collection":[{"href":"https:\/\/eine-welt-erleben.de\/index.php\/wp-json\/wp\/v2\/pages"}],"about":[{"href":"https:\/\/eine-welt-erleben.de\/index.php\/wp-json\/wp\/v2\/types\/page"}],"author":[{"embeddable":true,"href":"https:\/\/eine-welt-erleben.de\/index.php\/wp-json\/wp\/v2\/users\/2"}],"replies":[{"embeddable":true,"href":"https:\/\/eine-welt-erleben.de\/index.php\/wp-json\/wp\/v2\/comments?post=133"}],"version-history":[{"count":9,"href":"https:\/\/eine-welt-erleben.de\/index.php\/wp-json\/wp\/v2\/pages\/133\/revisions"}],"predecessor-version":[{"id":1195,"href":"https:\/\/eine-welt-erleben.de\/index.php\/wp-json\/wp\/v2\/pages\/133\/revisions\/1195"}],"wp:featuredmedia":[{"embeddable":true,"href":"https:\/\/eine-welt-erleben.de\/index.php\/wp-json\/wp\/v2\/media\/138"}],"wp:attachment":[{"href":"https:\/\/eine-welt-erleben.de\/index.php\/wp-json\/wp\/v2\/media?parent=133"}],"curies":[{"name":"wp","href":"https:\/\/api.w.org\/{rel}","templated":true}]}}