{"id":607,"date":"2018-09-26T16:44:08","date_gmt":"2018-09-26T14:44:08","guid":{"rendered":"https:\/\/eine-welt-erleben.de\/?page_id=607"},"modified":"2022-11-16T11:55:37","modified_gmt":"2022-11-16T10:55:37","slug":"netzwerk-eine-welt-engagement","status":"publish","type":"page","link":"https:\/\/eine-welt-erleben.de\/index.php\/netzwerk-eine-welt-engagement\/","title":{"rendered":"Netzwerk eine-welt-engagement e.v."},"content":{"rendered":"\n<p><strong>ewe Deutschland:<\/strong><\/p>\n\n\n\n<p>ewe Germany wurde 1995 als Schulprojekt an einem Gymnasium in D\u00fcren (Deutschland) gegr\u00fcndet, ist aber seit 2004 unabh\u00e4ngig von der Schule. Es ist ein eingetragener Verein, der von einem vierk\u00f6pfigen Vorstand (Vorsitzender, stellvertretender Vorsitzender, Schatzmeister und Schriftf\u00fchrer) und bis zu f\u00fcnf weiteren Mitgliedern gef\u00fchrt wird. Alle Mitglieder arbeiten ehrenamtlich und ohne jegliche Bezahlung. Das verfolgte Ziel ist es, das Verst\u00e4ndnis f\u00fcr die Probleme unserer EINEN Welt zu f\u00f6rdern und Projekte in (sogenannten) Entwicklungsl\u00e4ndern zu unterst\u00fctzen.<\/p>\n\n\n\n<p>Die Arbeit von ewe Deutschland gliedert sich in drei gro\u00dfe Bereiche: den Freiwilligendienst, die Projektf\u00f6rderung und die Bildungsarbeit, wobei der Freiwilligendienst und die Projektf\u00f6rderung in enger Zusammenarbeit mit ewe Sambia durchgef\u00fchrt werden und die Bildungsarbeit, z.B. durch die Herausgabe der Zeitschrift &#8222;ewe-aktuell&#8220;, auf Deutschland ausgerichtet ist.<\/p>\n\n\n\n<p>Die gef\u00f6rderten Projekte werden von den Gemeinden initiiert und vom Entwicklungsb\u00fcro der Di\u00f6zese Monze genehmigt und oft mit Hilfe anderer Partnervereine wie FairHandeln e.V. realisiert. Die Grunds\u00e4tze f\u00fcr die F\u00f6rderung sind Nachhaltigkeit und Sicherung von Existenz, Zukunft und Lebensqualit\u00e4t.<\/p>\n\n\n\n<p>Die Arbeit des ewe Germany wird \u00fcberwiegend durch Spenden und Mitgliedsbeitr\u00e4ge finanziert. Zus\u00e4tzlich erh\u00e4lt ewe Unterst\u00fctzung durch \u00f6ffentliche oder kirchliche Zusch\u00fcsse.<\/p>\n\n\n\n<p>Dabei ist sie unabh\u00e4ngig von Kirchen und Parteien, f\u00fchlt sich aber christlichen Werten verpflichtet.<\/p>\n\n\n\n<p>Das <strong>ewe Deutschland ist Mitglied im SDFV-Tr\u00e4gerkreis<\/strong>, in dem sich die Entsendeorganisationen \u00fcber aktuelle Entwicklungen in ihrer Arbeit austauschen und sich gegenseitig unterst\u00fctzen und beraten.<\/p>\n\n\n\n<h3 class=\"wp-block-heading\">ewe Sambia<\/h3>\n\n\n\n<p>ewe Sambia (Di\u00f6zese Monze) ist der Partner des ewe , eine Initiative des ewe Deutschland und des damaligen Bischofs von Monze. Sie entstand 1996 in der Di\u00f6zese mit zwei jungen Freiwilligen aus Deutschland. Beeinflusst von ihrem christlichen Glauben hat die <strong>Di\u00f6zese Monze<\/strong> die Idee des interkulturellen Austausches als Mittel zur F\u00f6rderung von Gerechtigkeit, Frieden, Einheit, Koexistenz und dem Geist des Teilens unter Gottes Volk, unabh\u00e4ngig von dessen Herkunft, \u00fcbernommen. <br>Dies geschieht durch die Aufnahme junger deutscher Freiwilliger in ausgew\u00e4hlten sambischen Familien, die Durchf\u00fchrung von Entwicklungsprojekten, die mit Mitteln von ewe Deutschland und ihren Partnern finanziert werden, und die j\u00e4hrliche Organisation von FairReisen f\u00fcr deutsche Staatsangeh\u00f6rige, um ihnen die Realit\u00e4t des sambischen Landlebens in der Di\u00f6zese Monze n\u00e4her zu bringen.<br>ewe Sambia hat seinen Verwaltungssitz im <strong>Monze Diocese Development Department <\/strong>(MDDD). Zwei Mitarbeiter des MDDD und eine ehrenamtliche einheimische Ordensschwester bilden das ewe Zambia-Organisationsteam. Die drei Mitglieder sind ehrenamtlich t\u00e4tig, da die Arbeit f\u00fcr den ewe nicht die Einkommensquelle f\u00fcr ihren Lebensunterhalt ist. MDDD ist eine pastorale Abteilung der Di\u00f6zese Monze, die 1965 als eine Strategie der Di\u00f6zese zur F\u00f6rderung der ganzheitlichen menschlichen Entwicklung gegr\u00fcndet wurde. Die Abteilung ist als <strong>sozialer Dienst f\u00fcr die F\u00f6rderung der sozialen und wirtschaftlichen Entwicklung der Menschen <\/strong>in der Di\u00f6zese ausgerichtet. Die Abteilung umfasst unter anderem den Wert der Wahrung der Menschenw\u00fcrde, wie sie in der Soziallehre der katholischen Kirche verankert ist. MDDD ist sich der <strong>Herausforderungen von Armut, Politik, Klimawandel und sozialem Unfrieden<\/strong> rund um den Globus bewusst und sieht den Geist von ewe als einen positiven Beitrag zur Bew\u00e4ltigung dieser Probleme. MDDD ist <strong>Mitglied der Caritas<\/strong>, die Ausdruck und Instrument der N\u00e4chstenliebe der christlichen Gemeinschaft ist, deren prim\u00e4res Ziel es ist, Brennpunkt f\u00fcr Bewusstsein, Solidarit\u00e4t, Teilen und Dienst zu sein. In diesem Sinne findet MDDD ihren Platz im Netzwerk des ewe.<\/p>\n","protected":false},"excerpt":{"rendered":"<p>ewe Deutschland: ewe Germany wurde 1995 als Schulprojekt an einem Gymnasium in D\u00fcren (Deutschland) gegr\u00fcndet, ist aber seit 2004 unabh\u00e4ngig von der Schule. Es ist ein eingetragener Verein, der von einem vierk\u00f6pfigen Vorstand (Vorsitzender, stellvertretender Vorsitzender, Schatzmeister und Schriftf\u00fchrer) und bis zu f\u00fcnf weiteren Mitgliedern gef\u00fchrt wird. Alle Mitglieder arbeiten ehrenamtlich und ohne jegliche Bezahlung. &hellip; <\/p>\n<p><a class=\"more-link btn\" href=\"https:\/\/eine-welt-erleben.de\/index.php\/netzwerk-eine-welt-engagement\/\">Weiterlesen<\/a><\/p>\n","protected":false},"author":2,"featured_media":0,"parent":0,"menu_order":0,"comment_status":"closed","ping_status":"closed","template":"","meta":{"footnotes":""},"class_list":["post-607","page","type-page","status-publish","hentry","nodate","item-wrap"],"_links":{"self":[{"href":"https:\/\/eine-welt-erleben.de\/index.php\/wp-json\/wp\/v2\/pages\/607","targetHints":{"allow":["GET"]}}],"collection":[{"href":"https:\/\/eine-welt-erleben.de\/index.php\/wp-json\/wp\/v2\/pages"}],"about":[{"href":"https:\/\/eine-welt-erleben.de\/index.php\/wp-json\/wp\/v2\/types\/page"}],"author":[{"embeddable":true,"href":"https:\/\/eine-welt-erleben.de\/index.php\/wp-json\/wp\/v2\/users\/2"}],"replies":[{"embeddable":true,"href":"https:\/\/eine-welt-erleben.de\/index.php\/wp-json\/wp\/v2\/comments?post=607"}],"version-history":[{"count":8,"href":"https:\/\/eine-welt-erleben.de\/index.php\/wp-json\/wp\/v2\/pages\/607\/revisions"}],"predecessor-version":[{"id":1146,"href":"https:\/\/eine-welt-erleben.de\/index.php\/wp-json\/wp\/v2\/pages\/607\/revisions\/1146"}],"wp:attachment":[{"href":"https:\/\/eine-welt-erleben.de\/index.php\/wp-json\/wp\/v2\/media?parent=607"}],"curies":[{"name":"wp","href":"https:\/\/api.w.org\/{rel}","templated":true}]}}